{"id":38,"date":"2022-07-11T07:33:00","date_gmt":"2022-07-11T05:33:00","guid":{"rendered":"http:\/\/apitoxin.sk\/?page_id=38"},"modified":"2024-07-12T20:08:55","modified_gmt":"2024-07-12T18:08:55","slug":"kontakt","status":"publish","type":"page","link":"http:\/\/d.r5.wbsprt.com\/apitoxin.sk\/kontakt\/","title":{"rendered":"Kontakt"},"content":{"rendered":"\n<p>\u013dubom\u00edr Drg\u00e1\u0148 TRIX<\/p>\n\n\n\n<p>Oravick\u00e1 2616<\/p>\n\n\n\n<p>02801 Trsten\u00e1 <\/p>\n\n\n\n<p>Slovakia<\/p>\n\n\n\n<p>tel: 00421905423259<\/p>\n\n\n\n<p>e-mail: trix@trix.sk<\/p>\n\n\n\n<p>I\u010cO: 10850392<\/p>\n\n\n\n<p>DI\u010c: 1020467646<\/p>\n\n\n\n<p>I\u010cDPH: SK1020467646<\/p>\n","protected":false},"excerpt":{"rendered":"<p>\u013dubom\u00edr Drg\u00e1\u0148 TRIX Oravick\u00e1 2616 02801 Trsten\u00e1 Slovakia tel: 00421905423259 e-mail: trix@trix.sk I\u010cO: 10850392 DI\u010c: 1020467646 I\u010cDPH: SK1020467646<\/p>\n","protected":false},"author":1,"featured_media":0,"parent":0,"menu_order":0,"comment_status":"closed","ping_status":"closed","template":"","meta":{"_mi_skip_tracking":false,"ngg_post_thumbnail":0},"yoast_head":"<!-- This site is optimized with the Yoast SEO plugin v19.14 - https:\/\/yoast.com\/wordpress\/plugins\/seo\/ -->\n<title>Kontakt - apitoxin.sk<\/title>\n<meta name=\"robots\" content=\"index, follow, max-snippet:-1, max-image-preview:large, max-video-preview:-1\" \/>\n<link rel=\"canonical\" href=\"http:\/\/apitoxin.sk\/kontakt\/\" \/>\n<meta property=\"og:locale\" content=\"sk_SK\" \/>\n<meta property=\"og:type\" content=\"article\" \/>\n<meta property=\"og:title\" content=\"Kontakt - apitoxin.sk\" \/>\n<meta property=\"og:description\" content=\"\u013dubom\u00edr Drg\u00e1\u0148 TRIX Oravick\u00e1 2616 02801 Trsten\u00e1 Slovakia tel: 00421905423259 e-mail: trix@trix.sk I\u010cO: 10850392 DI\u010c: 1020467646 I\u010cDPH: SK1020467646\" \/>\n<meta property=\"og:url\" content=\"http:\/\/apitoxin.sk\/kontakt\/\" \/>\n<meta property=\"og:site_name\" content=\"apitoxin.sk\" \/>\n<meta property=\"article:modified_time\" content=\"2024-07-12T18:08:55+00:00\" \/>\n<meta name=\"twitter:card\" content=\"summary_large_image\" \/>\n<meta name=\"twitter:label1\" content=\"Predpokladan\u00fd \u010das \u010d\u00edtania\" \/>\n\t<meta name=\"twitter:data1\" content=\"1 min\u00fata\" \/>\n<script type=\"application\/ld+json\" class=\"yoast-schema-graph\">{\"@context\":\"https:\/\/schema.org\",\"@graph\":[{\"@type\":\"WebPage\",\"@id\":\"http:\/\/apitoxin.sk\/kontakt\/\",\"url\":\"http:\/\/apitoxin.sk\/kontakt\/\",\"name\":\"Kontakt - apitoxin.sk\",\"isPartOf\":{\"@id\":\"http:\/\/apitoxin.sk\/#website\"},\"datePublished\":\"2022-07-11T05:33:00+00:00\",\"dateModified\":\"2024-07-12T18:08:55+00:00\",\"breadcrumb\":{\"@id\":\"http:\/\/apitoxin.sk\/kontakt\/#breadcrumb\"},\"inLanguage\":\"sk-SK\",\"potentialAction\":[{\"@type\":\"ReadAction\",\"target\":[\"http:\/\/apitoxin.sk\/kontakt\/\"]}]},{\"@type\":\"BreadcrumbList\",\"@id\":\"http:\/\/apitoxin.sk\/kontakt\/#breadcrumb\",\"itemListElement\":[{\"@type\":\"ListItem\",\"position\":1,\"name\":\"Home\",\"item\":\"http:\/\/apitoxin.sk\/\"},{\"@type\":\"ListItem\",\"position\":2,\"name\":\"Kontakt\"}]},{\"@type\":\"WebSite\",\"@id\":\"http:\/\/apitoxin.sk\/#website\",\"url\":\"http:\/\/apitoxin.sk\/\",\"name\":\"apitoxin.sk\",\"description\":\"Slovensk\u00fd v\u00fdrobca lapa\u010dov v\u010delieho jedu\",\"potentialAction\":[{\"@type\":\"SearchAction\",\"target\":{\"@type\":\"EntryPoint\",\"urlTemplate\":\"http:\/\/apitoxin.sk\/?s={search_term_string}\"},\"query-input\":\"required name=search_term_string\"}],\"inLanguage\":\"sk-SK\"}]}<\/script>\n<!-- \/ Yoast SEO plugin. -->","yoast_head_json":{"title":"Kontakt - apitoxin.sk","robots":{"index":"index","follow":"follow","max-snippet":"max-snippet:-1","max-image-preview":"max-image-preview:large","max-video-preview":"max-video-preview:-1"},"canonical":"http:\/\/apitoxin.sk\/kontakt\/","og_locale":"sk_SK","og_type":"article","og_title":"Kontakt - apitoxin.sk","og_description":"\u013dubom\u00edr Drg\u00e1\u0148 TRIX Oravick\u00e1 2616 02801 Trsten\u00e1 Slovakia tel: 00421905423259 e-mail: trix@trix.sk I\u010cO: 10850392 DI\u010c: 1020467646 I\u010cDPH: SK1020467646","og_url":"http:\/\/apitoxin.sk\/kontakt\/","og_site_name":"apitoxin.sk","article_modified_time":"2024-07-12T18:08:55+00:00","twitter_card":"summary_large_image","twitter_misc":{"Predpokladan\u00fd \u010das \u010d\u00edtania":"1 min\u00fata"},"schema":{"@context":"https:\/\/schema.org","@graph":[{"@type":"WebPage","@id":"http:\/\/apitoxin.sk\/kontakt\/","url":"http:\/\/apitoxin.sk\/kontakt\/","name":"Kontakt - apitoxin.sk","isPartOf":{"@id":"http:\/\/apitoxin.sk\/#website"},"datePublished":"2022-07-11T05:33:00+00:00","dateModified":"2024-07-12T18:08:55+00:00","breadcrumb":{"@id":"http:\/\/apitoxin.sk\/kontakt\/#breadcrumb"},"inLanguage":"sk-SK","potentialAction":[{"@type":"ReadAction","target":["http:\/\/apitoxin.sk\/kontakt\/"]}]},{"@type":"BreadcrumbList","@id":"http:\/\/apitoxin.sk\/kontakt\/#breadcrumb","itemListElement":[{"@type":"ListItem","position":1,"name":"Home","item":"http:\/\/apitoxin.sk\/"},{"@type":"ListItem","position":2,"name":"Kontakt"}]},{"@type":"WebSite","@id":"http:\/\/apitoxin.sk\/#website","url":"http:\/\/apitoxin.sk\/","name":"apitoxin.sk","description":"Slovensk\u00fd v\u00fdrobca lapa\u010dov v\u010delieho jedu","potentialAction":[{"@type":"SearchAction","target":{"@type":"EntryPoint","urlTemplate":"http:\/\/apitoxin.sk\/?s={search_term_string}"},"query-input":"required name=search_term_string"}],"inLanguage":"sk-SK"}]}},"_links":{"self":[{"href":"http:\/\/d.r5.wbsprt.com\/apitoxin.sk\/wp-json\/wp\/v2\/pages\/38"}],"collection":[{"href":"http:\/\/d.r5.wbsprt.com\/apitoxin.sk\/wp-json\/wp\/v2\/pages"}],"about":[{"href":"http:\/\/d.r5.wbsprt.com\/apitoxin.sk\/wp-json\/wp\/v2\/types\/page"}],"author":[{"embeddable":true,"href":"http:\/\/d.r5.wbsprt.com\/apitoxin.sk\/wp-json\/wp\/v2\/users\/1"}],"replies":[{"embeddable":true,"href":"http:\/\/d.r5.wbsprt.com\/apitoxin.sk\/wp-json\/wp\/v2\/comments?post=38"}],"version-history":[{"count":4,"href":"http:\/\/d.r5.wbsprt.com\/apitoxin.sk\/wp-json\/wp\/v2\/pages\/38\/revisions"}],"predecessor-version":[{"id":615,"href":"http:\/\/d.r5.wbsprt.com\/apitoxin.sk\/wp-json\/wp\/v2\/pages\/38\/revisions\/615"}],"wp:attachment":[{"href":"http:\/\/d.r5.wbsprt.com\/apitoxin.sk\/wp-json\/wp\/v2\/media?parent=38"}],"curies":[{"name":"wp","href":"https:\/\/api.w.org\/{rel}","templated":true}]}}