{"id":413,"date":"2023-01-15T19:47:10","date_gmt":"2023-01-15T18:47:10","guid":{"rendered":"http:\/\/apitoxin.sk\/?page_id=413"},"modified":"2023-01-15T20:02:05","modified_gmt":"2023-01-15T19:02:05","slug":"kalkulacia-koncentracie","status":"publish","type":"page","link":"http:\/\/d.r5.wbsprt.com\/apitoxin.sk\/kalkulacia-koncentracie\/","title":{"rendered":"Kalkul\u00e1cia koncentr\u00e1cie"},"content":{"rendered":"\n<div class=\"is-layout-flex wp-container-4 wp-block-columns\">\n<div class=\"is-layout-flow wp-block-column\" style=\"flex-basis:17%\"><\/div>\n\n\n\n<div class=\"is-layout-flow wp-block-column\" style=\"flex-basis:50%\">\n<div class=\"calconic-calculator\" data-calculatorid=\"63c3ec9520c258001f9bfc97\"><\/div>\n<script>\n  (function() { var qs,j,q,s,d=document, gi=d.getElementById,\n  ce=d.createElement, gt=d.getElementsByTagName,\n  id=\"calconic_\", b=\"https:\/\/cdn.calconic.com\/static\/js\/\";\n  if(!gi.call(d,id)) { j=ce.call(d,\"script\"); j.id=id; j.type=\"text\/javascript\"; j.async=true;\n  j.dataset.calconic=true;\n  j.src=b+\"calconic.min.js\"; q=gt.call(d,\"script\")[0]; q.parentNode.insertBefore(j,q) }\n})();\n<\/script>\n<\/div>\n\n\n\n<div class=\"is-layout-flow wp-block-column\" style=\"flex-basis:17%\"><\/div>\n<\/div>\n","protected":false},"excerpt":{"rendered":"","protected":false},"author":1,"featured_media":0,"parent":0,"menu_order":0,"comment_status":"closed","ping_status":"closed","template":"","meta":{"_mi_skip_tracking":false,"ngg_post_thumbnail":0},"yoast_head":"<!-- This site is optimized with the Yoast SEO plugin v19.14 - https:\/\/yoast.com\/wordpress\/plugins\/seo\/ -->\n<title>Kalkul\u00e1cia koncentr\u00e1cie - apitoxin.sk<\/title>\n<meta name=\"robots\" content=\"index, follow, max-snippet:-1, max-image-preview:large, max-video-preview:-1\" \/>\n<link rel=\"canonical\" href=\"http:\/\/apitoxin.sk\/kalkulacia-koncentracie\/\" \/>\n<meta property=\"og:locale\" content=\"sk_SK\" \/>\n<meta property=\"og:type\" content=\"article\" \/>\n<meta property=\"og:title\" content=\"Kalkul\u00e1cia koncentr\u00e1cie - apitoxin.sk\" \/>\n<meta property=\"og:url\" content=\"http:\/\/apitoxin.sk\/kalkulacia-koncentracie\/\" \/>\n<meta property=\"og:site_name\" content=\"apitoxin.sk\" \/>\n<meta property=\"article:modified_time\" content=\"2023-01-15T19:02:05+00:00\" \/>\n<meta name=\"twitter:card\" content=\"summary_large_image\" \/>\n<meta name=\"twitter:label1\" content=\"Predpokladan\u00fd \u010das \u010d\u00edtania\" \/>\n\t<meta name=\"twitter:data1\" content=\"1 min\u00fata\" \/>\n<script type=\"application\/ld+json\" class=\"yoast-schema-graph\">{\"@context\":\"https:\/\/schema.org\",\"@graph\":[{\"@type\":\"WebPage\",\"@id\":\"http:\/\/apitoxin.sk\/kalkulacia-koncentracie\/\",\"url\":\"http:\/\/apitoxin.sk\/kalkulacia-koncentracie\/\",\"name\":\"Kalkul\u00e1cia koncentr\u00e1cie - apitoxin.sk\",\"isPartOf\":{\"@id\":\"http:\/\/apitoxin.sk\/#website\"},\"datePublished\":\"2023-01-15T18:47:10+00:00\",\"dateModified\":\"2023-01-15T19:02:05+00:00\",\"breadcrumb\":{\"@id\":\"http:\/\/apitoxin.sk\/kalkulacia-koncentracie\/#breadcrumb\"},\"inLanguage\":\"sk-SK\",\"potentialAction\":[{\"@type\":\"ReadAction\",\"target\":[\"http:\/\/apitoxin.sk\/kalkulacia-koncentracie\/\"]}]},{\"@type\":\"BreadcrumbList\",\"@id\":\"http:\/\/apitoxin.sk\/kalkulacia-koncentracie\/#breadcrumb\",\"itemListElement\":[{\"@type\":\"ListItem\",\"position\":1,\"name\":\"Home\",\"item\":\"http:\/\/apitoxin.sk\/\"},{\"@type\":\"ListItem\",\"position\":2,\"name\":\"Kalkul\u00e1cia koncentr\u00e1cie\"}]},{\"@type\":\"WebSite\",\"@id\":\"http:\/\/apitoxin.sk\/#website\",\"url\":\"http:\/\/apitoxin.sk\/\",\"name\":\"apitoxin.sk\",\"description\":\"Slovensk\u00fd v\u00fdrobca lapa\u010dov v\u010delieho jedu\",\"potentialAction\":[{\"@type\":\"SearchAction\",\"target\":{\"@type\":\"EntryPoint\",\"urlTemplate\":\"http:\/\/apitoxin.sk\/?s={search_term_string}\"},\"query-input\":\"required name=search_term_string\"}],\"inLanguage\":\"sk-SK\"}]}<\/script>\n<!-- \/ Yoast SEO plugin. -->","yoast_head_json":{"title":"Kalkul\u00e1cia koncentr\u00e1cie - apitoxin.sk","robots":{"index":"index","follow":"follow","max-snippet":"max-snippet:-1","max-image-preview":"max-image-preview:large","max-video-preview":"max-video-preview:-1"},"canonical":"http:\/\/apitoxin.sk\/kalkulacia-koncentracie\/","og_locale":"sk_SK","og_type":"article","og_title":"Kalkul\u00e1cia koncentr\u00e1cie - apitoxin.sk","og_url":"http:\/\/apitoxin.sk\/kalkulacia-koncentracie\/","og_site_name":"apitoxin.sk","article_modified_time":"2023-01-15T19:02:05+00:00","twitter_card":"summary_large_image","twitter_misc":{"Predpokladan\u00fd \u010das \u010d\u00edtania":"1 min\u00fata"},"schema":{"@context":"https:\/\/schema.org","@graph":[{"@type":"WebPage","@id":"http:\/\/apitoxin.sk\/kalkulacia-koncentracie\/","url":"http:\/\/apitoxin.sk\/kalkulacia-koncentracie\/","name":"Kalkul\u00e1cia koncentr\u00e1cie - apitoxin.sk","isPartOf":{"@id":"http:\/\/apitoxin.sk\/#website"},"datePublished":"2023-01-15T18:47:10+00:00","dateModified":"2023-01-15T19:02:05+00:00","breadcrumb":{"@id":"http:\/\/apitoxin.sk\/kalkulacia-koncentracie\/#breadcrumb"},"inLanguage":"sk-SK","potentialAction":[{"@type":"ReadAction","target":["http:\/\/apitoxin.sk\/kalkulacia-koncentracie\/"]}]},{"@type":"BreadcrumbList","@id":"http:\/\/apitoxin.sk\/kalkulacia-koncentracie\/#breadcrumb","itemListElement":[{"@type":"ListItem","position":1,"name":"Home","item":"http:\/\/apitoxin.sk\/"},{"@type":"ListItem","position":2,"name":"Kalkul\u00e1cia koncentr\u00e1cie"}]},{"@type":"WebSite","@id":"http:\/\/apitoxin.sk\/#website","url":"http:\/\/apitoxin.sk\/","name":"apitoxin.sk","description":"Slovensk\u00fd v\u00fdrobca lapa\u010dov v\u010delieho jedu","potentialAction":[{"@type":"SearchAction","target":{"@type":"EntryPoint","urlTemplate":"http:\/\/apitoxin.sk\/?s={search_term_string}"},"query-input":"required name=search_term_string"}],"inLanguage":"sk-SK"}]}},"_links":{"self":[{"href":"http:\/\/d.r5.wbsprt.com\/apitoxin.sk\/wp-json\/wp\/v2\/pages\/413"}],"collection":[{"href":"http:\/\/d.r5.wbsprt.com\/apitoxin.sk\/wp-json\/wp\/v2\/pages"}],"about":[{"href":"http:\/\/d.r5.wbsprt.com\/apitoxin.sk\/wp-json\/wp\/v2\/types\/page"}],"author":[{"embeddable":true,"href":"http:\/\/d.r5.wbsprt.com\/apitoxin.sk\/wp-json\/wp\/v2\/users\/1"}],"replies":[{"embeddable":true,"href":"http:\/\/d.r5.wbsprt.com\/apitoxin.sk\/wp-json\/wp\/v2\/comments?post=413"}],"version-history":[{"count":3,"href":"http:\/\/d.r5.wbsprt.com\/apitoxin.sk\/wp-json\/wp\/v2\/pages\/413\/revisions"}],"predecessor-version":[{"id":417,"href":"http:\/\/d.r5.wbsprt.com\/apitoxin.sk\/wp-json\/wp\/v2\/pages\/413\/revisions\/417"}],"wp:attachment":[{"href":"http:\/\/d.r5.wbsprt.com\/apitoxin.sk\/wp-json\/wp\/v2\/media?parent=413"}],"curies":[{"name":"wp","href":"https:\/\/api.w.org\/{rel}","templated":true}]}}