{"id":31,"date":"2014-09-14T09:21:57","date_gmt":"2014-09-14T07:21:57","guid":{"rendered":"http:\/\/localhost\/final-leisure\/?page_id=31"},"modified":"2023-01-09T11:39:35","modified_gmt":"2023-01-09T10:39:35","slug":"atrakcie-a-volny-cas","status":"publish","type":"page","link":"https:\/\/d.r5.wbsprt.com\/podborovicou.sk\/atrakcie-a-volny-cas\/","title":{"rendered":"Atrakcie a vo\u013en\u00fd \u010das"},"content":{"rendered":"[vc_row][vc_column][vc_empty_space height=&#8220;30&#8243;][vc_custom_heading text=&#8220;V na\u0161om rezorte sa nikdy nebudete nudi\u0165&#8220; font_container=&#8220;tag:h1|text_align:center|color:%23653719&#8243; use_theme_fonts=&#8220;yes&#8220;][vc_column_text]\n<p style=\"text-align: center;\">Are\u00e1l Park pod Borovicou pon\u00faka ve\u013ek\u00e9 mno\u017estvo \u0161portov\u00fdch a adrenal\u00ednov\u00fdch aktiv\u00edt. Aktivity s\u00fa k dispoz\u00edcii hos\u0165om ubytovan\u00fdm v are\u00e1li, \u010di u\u017e v bungalovoch, alebo v Kanadskom zrube. Samotn\u00e9 aktivity si m\u00f4\u017eete zabezpe\u010di\u0165 na kontaktn\u00fdch \u00fadajoch e\u0161te pre pr\u00edchodom, alebo osobne, po ubytovan\u00ed sa v na\u0161om are\u00e1li. Lanov\u00e9 centrum pros\u00edme objedn\u00e1va\u0165 v \u010dasovom predstihu. Rybolov je k dispoz\u00edcii iba ubytovan\u00fdm hos\u0165om.<\/p>\n[\/vc_column_text][\/vc_column][\/vc_row][vc_row][vc_column width=&#8220;1\/4&#8243;][vc_single_image image=&#8220;3471&#8243; img_size=&#8220;full&#8220; alignment=&#8220;center&#8220; style=&#8220;vc_box_shadow_3d&#8220; onclick=&#8220;link_image&#8220;][vc_custom_heading text=&#8220;Usporiadanie spole\u010densk\u00fdch akci\u00ed a koncertov v amfite\u00e1tri, alebo vn\u00fatornom p\u00f3diu&#8220; font_container=&#8220;tag:h4|text_align:center&#8220; use_theme_fonts=&#8220;yes&#8220;][vc_empty_space height=&#8220;15&#8243;][\/vc_column][vc_column width=&#8220;1\/4&#8243;][vc_single_image image=&#8220;3478&#8243; img_size=&#8220;full&#8220; alignment=&#8220;center&#8220; style=&#8220;vc_box_shadow_3d&#8220; onclick=&#8220;link_image&#8220;][vc_custom_heading text=&#8220;Lukostre\u013eba, stre\u013eba zo vzduchovky alebo hranie petangu&#8220; font_container=&#8220;tag:h4|text_align:center&#8220; use_theme_fonts=&#8220;yes&#8220;][vc_empty_space height=&#8220;15&#8243;][\/vc_column][vc_column width=&#8220;1\/4&#8243;][vc_single_image image=&#8220;3476&#8243; img_size=&#8220;full&#8220; alignment=&#8220;center&#8220;][vc_custom_heading text=&#8220;K\u00fapanie sa v k\u00fapacom sude&#8220; font_container=&#8220;tag:h4|text_align:center&#8220; use_theme_fonts=&#8220;yes&#8220;][vc_empty_space height=&#8220;15&#8243;][\/vc_column][vc_column width=&#8220;1\/4&#8243;][vc_single_image image=&#8220;3479&#8243; img_size=&#8220;full&#8220; alignment=&#8220;center&#8220; style=&#8220;vc_box_shadow_3d&#8220; onclick=&#8220;link_image&#8220;][vc_custom_heading text=&#8220;N\u00e1v\u0161teva Mini ZOO&#8220; font_container=&#8220;tag:h4|text_align:center&#8220; use_theme_fonts=&#8220;yes&#8220;][vc_empty_space height=&#8220;15&#8243;][\/vc_column][\/vc_row][vc_row][vc_column width=&#8220;1\/3&#8243;][vc_single_image image=&#8220;3474&#8243; img_size=&#8220;265&#215;154&#8243; alignment=&#8220;center&#8220; style=&#8220;vc_box_shadow_3d&#8220; onclick=&#8220;link_image&#8220;][vc_custom_heading text=&#8220;Jazda na koni&#8220; font_container=&#8220;tag:h4|text_align:center&#8220; use_theme_fonts=&#8220;yes&#8220;][\/vc_column][vc_column width=&#8220;1\/3&#8243;][vc_single_image image=&#8220;3823&#8243; img_size=&#8220;265&#215;154&#8243; alignment=&#8220;center&#8220; style=&#8220;vc_box_shadow_3d&#8220; onclick=&#8220;link_image&#8220;][vc_custom_heading text=&#8220;Hranie tenisu, basketbalu, badmintonu, floorbalu, futbalu a stoln\u00e9ho tenisu&#8220; font_container=&#8220;tag:h4|text_align:center&#8220; use_theme_fonts=&#8220;yes&#8220;][vc_empty_space height=&#8220;30px&#8220;][\/vc_column][vc_column width=&#8220;1\/3&#8243;][vc_single_image image=&#8220;3475&#8243; img_size=&#8220;265&#215;154&#8243; alignment=&#8220;center&#8220; style=&#8220;vc_box_shadow_3d&#8220; onclick=&#8220;link_image&#8220;][vc_custom_heading text=&#8220;K\u00fapanie sa vo vonkaj\u0161\u00edch baz\u00e9noch&#8220; font_container=&#8220;tag:h4|text_align:center&#8220; use_theme_fonts=&#8220;yes&#8220;][\/vc_column][\/vc_row][vc_row full_width=&#8220;stretch_row&#8220; css=&#8220;.vc_custom_1638533504696{background-image: url(https:\/\/d.r5.wbsprt.com\/podborovicou.sk\/wp-content\/uploads\/2021\/12\/BG_photo2.png?id=3493) !important;}&#8220;][vc_column width=&#8220;1\/2&#8243;][vc_empty_space height=&#8220;55&#8243;][vc_custom_heading text=&#8220;\u0160PORTOV\u00dd RYBOLOV&#8220; font_container=&#8220;tag:h4|text_align:left&#8220; use_theme_fonts=&#8220;yes&#8220;][vc_column_text css=&#8220;.vc_custom_1638541729067{margin-top: -15px !important;}&#8220;]\n<h1 class=\"vc_custom_heading\"><strong><span style=\"color: #653617;\">Rybolov priamo v rezorte<\/span><\/strong><\/h1>\n[\/vc_column_text][vc_column_text]Are\u00e1l Park pod Borovicou sa v jarn\u00fdch, letn\u00fdch a jesenn\u00fdch mesiacoch st\u00e1va ob\u013e\u00fabenou destin\u00e1ciou pre ryb\u00e1rske dovolenky. Na na\u0161ich host\u00ed \u010dak\u00e1 mo\u017enos\u0165 \u0161portov\u00e9ho rybolovu v kr\u00e1snej pr\u00edrode Kremnick\u00fdch vrchov, romantick\u00e9 posedenia v alt\u00e1nku pri vode, \u010di ugrilovan\u00fd \u010derstv\u00fd pstruh na ve\u010deru.<\/p>\n<p>Priamo pred dreven\u00fdm zrubom sa nach\u00e1dzaj\u00fa dve zarybnen\u00e9 s\u00fakromn\u00e9 ryb\u00e1rske jazer\u00e1. V kaprovom jazere s rozlohou 0,5 ha s\u00fa nasaden\u00e9 kapre do 8 kg, karasy a \u0161\u0165uky. Jazero pstruhov\u00e9 (0,4 ha) je zarybnen\u00e9 n\u00e1sadou pstruha d\u00fahov\u00e9ho a sivo\u0148a americk\u00e9ho.[\/vc_column_text][\/vc_column][vc_column width=&#8220;1\/2&#8243;][vc_single_image image=&#8220;3496&#8243; img_size=&#8220;full&#8220; alignment=&#8220;center&#8220; style=&#8220;img-frame-small&#8220;][\/vc_column][\/vc_row][vc_row][vc_column][vc_empty_space height=&#8220;50&#8243;][\/vc_column][\/vc_row][vc_row][vc_column width=&#8220;1\/2&#8243;][vc_custom_heading text=&#8220;Zauj\u00edmav\u00e9 aktivity mimo rezortu&#8220; font_container=&#8220;tag:h2|text_align:left|color:%23653617&#8243; use_theme_fonts=&#8220;yes&#8220;][vc_column_text]Park pod Borovicou sa nach\u00e1dza\u00a0v bl\u00edzkosti obce\u00a0<a href=\"http:\/\/www.trnavahora.sk\/\">Trnav\u00e1 Hora<\/a>\u00a0v Kremnick\u00fdch vrchoch. Toto prostredie sa p\u00fd\u0161i ide\u00e1lnou polohou pre mno\u017estvo aktiv\u00edt vo\u013en\u00e9ho \u010dasu. Okrem mo\u017enost\u00ed, ktor\u00e9 pon\u00faka n\u00e1\u0161 are\u00e1l si m\u00f4\u017eete napl\u00e1nova\u0165 aj v\u00fdlety a aktivity v okol\u00ed.\u00a0<strong>Cykloturistika a pe\u0161ia turistika:<\/strong>\u00a0<a href=\"http:\/\/www.trnavahora.sk\/kam-do-okolia-cykloturistika.html\" target=\"_blank\" rel=\"noopener\">Popis tr\u00e1s.<\/a><\/p>\n<p><strong>N\u00e1v\u0161teva kult\u00farnych a historick\u00fdch pamiatok:<\/strong>\u00a0Kremnica, Bansk\u00e1 \u0160tiavnica, Kamenn\u00e9 more (Ihr\u00e1\u010d), splav rieky Hron (rafty a \u010dlny zapo\u017ei\u010diame), ly\u017eova\u010dka.<\/p>\n<p><strong>Ly\u017eovanie je mo\u017en\u00e9 v pri\u013eahl\u00fdch ly\u017eiarskych stredisk\u00e1ch v okol\u00ed:<\/strong><br \/>\n-Ly\u017eiarske stredisko Skalka arena-\u00a0vzdialenos\u0165 32 min\u00fat<br \/>\n-Ly\u017eiarske stredisko Ski Krahule- vzdialenos\u0165 28 min\u00fat<br \/>\n-Salamandra Ski resort, Bansk\u00e1 \u0160tiavnica-\u00a0vzdialenos\u0165 40 min\u00fat[\/vc_column_text][vc_empty_space height=&#8220;20px&#8220;][vc_row_inner][vc_column_inner width=&#8220;1\/2&#8243;][vc_single_image image=&#8220;3502&#8243; img_size=&#8220;full&#8220; style=&#8220;vc_box_shadow_3d&#8220; onclick=&#8220;link_image&#8220;][vc_custom_heading text=&#8220;Mestsk\u00fd hrad v Kremnici \u2013 Kremnica&#8220; font_container=&#8220;tag:h3|text_align:left&#8220; use_theme_fonts=&#8220;yes&#8220;][vc_custom_heading text=&#8220;11,50KM&#8220; font_container=&#8220;tag:h5|text_align:center&#8220; use_theme_fonts=&#8220;yes&#8220;][\/vc_column_inner][vc_column_inner width=&#8220;1\/2&#8243;][vc_single_image image=&#8220;3503&#8243; img_size=&#8220;full&#8220; style=&#8220;vc_box_shadow_3d&#8220; onclick=&#8220;link_image&#8220;][vc_custom_heading text=&#8220;Mincov\u0148a Kremnica \u2013 Kremnica&#8220; font_container=&#8220;tag:h3|text_align:left&#8220; use_theme_fonts=&#8220;yes&#8220;][vc_custom_heading text=&#8220;11,50KM&#8220; font_container=&#8220;tag:h5|text_align:center&#8220; use_theme_fonts=&#8220;yes&#8220;][\/vc_column_inner][\/vc_row_inner][\/vc_column][vc_column width=&#8220;1\/2&#8243;][vc_row_inner][vc_column_inner width=&#8220;1\/2&#8243;][vc_single_image image=&#8220;3507&#8243; img_size=&#8220;full&#8220; style=&#8220;vc_box_shadow_3d&#8220; onclick=&#8220;link_image&#8220;][vc_custom_heading text=&#8220;\u0160\u00e1\u0161ovsk\u00fd hrad&#8220; font_container=&#8220;tag:h3|text_align:left&#8220; use_theme_fonts=&#8220;yes&#8220;][vc_custom_heading text=&#8220;4,6 km&#8220; font_container=&#8220;tag:h5|text_align:center&#8220; use_theme_fonts=&#8220;yes&#8220;][\/vc_column_inner][vc_column_inner width=&#8220;1\/2&#8243;][vc_single_image image=&#8220;3508&#8243; img_size=&#8220;full&#8220; style=&#8220;vc_box_shadow_3d&#8220; onclick=&#8220;link_image&#8220;][vc_custom_heading text=&#8220;Turovsk\u00fd vodop\u00e1d&#8220; font_container=&#8220;tag:h3|text_align:left&#8220; use_theme_fonts=&#8220;yes&#8220;][vc_custom_heading text=&#8220;7,00 km&#8220; font_container=&#8220;tag:h5|text_align:center&#8220; use_theme_fonts=&#8220;yes&#8220;][\/vc_column_inner][\/vc_row_inner][vc_empty_space height=&#8220;84&#8243;][vc_row_inner][vc_column_inner width=&#8220;1\/2&#8243;][vc_single_image image=&#8220;3505&#8243; img_size=&#8220;full&#8220; style=&#8220;vc_box_shadow_3d&#8220; onclick=&#8220;link_image&#8220;][vc_custom_heading text=&#8220;Pl\u00e1\u017eov\u00e9 k\u00fapalisko \u2013 \u017diar nad Hronom&#8220; font_container=&#8220;tag:h3|text_align:left&#8220; use_theme_fonts=&#8220;yes&#8220;][vc_custom_heading text=&#8220;6,25 km&#8220; font_container=&#8220;tag:h5|text_align:center&#8220; use_theme_fonts=&#8220;yes&#8220;][\/vc_column_inner][vc_column_inner width=&#8220;1\/2&#8243;][vc_single_image image=&#8220;3504&#8243; img_size=&#8220;full&#8220; style=&#8220;vc_box_shadow_3d&#8220; onclick=&#8220;link_image&#8220;][vc_custom_heading text=&#8220;Plav\u00e1re\u0148 \u2013 \u017diar nad Hronom&#8220; font_container=&#8220;tag:h3|text_align:left&#8220; use_theme_fonts=&#8220;yes&#8220;][vc_custom_heading text=&#8220;7,79 km&#8220; font_container=&#8220;tag:h5|text_align:center&#8220; use_theme_fonts=&#8220;yes&#8220;][\/vc_column_inner][\/vc_row_inner][\/vc_column][\/vc_row][vc_row][vc_column][vc_empty_space][\/vc_column][\/vc_row][vc_row][vc_column width=&#8220;1\/3&#8243;][vc_column_text]\n<ul>\n<li class=\"fusion-li-item\">\n<div class=\"fusion-li-item-content\" style=\"text-align: left;\"><strong>Sielnica \u2013 Brestov\u00e1 9,58 km<\/strong><\/div>\n<\/li>\n<li class=\"fusion-li-item\" style=\"text-align: left;\">\n<div class=\"fusion-li-item-content\">Term\u00e1lne k\u00fapalisko Katar\u00edna 10,41 km<\/div>\n<\/li>\n<li class=\"fusion-li-item\" style=\"text-align: left;\">\n<div class=\"fusion-li-item-content\"><strong>\u017dak\u00fdlske pleso 10,41 km<\/strong><\/div>\n<\/li>\n<li class=\"fusion-li-item\" style=\"text-align: left;\">\n<div class=\"fusion-li-item-content\">K\u00fapele Sklen\u00e9 Teplice 10,65 km<\/div>\n<\/li>\n<li class=\"fusion-li-item\" style=\"text-align: left;\">\n<div class=\"fusion-li-item-content\"><strong>Hrad Teplica \u2013 Pust\u00fd hrad 10,65 km<\/strong><\/div>\n<\/li>\n<li class=\"fusion-li-item\" style=\"text-align: left;\">\n<div class=\"fusion-li-item-content\">Term\u00e1lne k\u00fapalisko Sklen\u00e9 Teplice 10,68 km<\/div>\n<\/li>\n<li class=\"fusion-li-item\" style=\"text-align: left;\">\n<div class=\"fusion-li-item-content\"><strong>Holidaypark Kov\u00e1\u010dov\u00e1 11,03 km<\/strong><\/div>\n<\/li>\n<li class=\"fusion-li-item\" style=\"text-align: left;\">\n<div class=\"fusion-li-item-content\">K\u00fapele Kov\u00e1\u010dov\u00e1 11,12 km<\/div>\n<\/li>\n<li class=\"fusion-li-item\" style=\"text-align: left;\">\n<div class=\"fusion-li-item-content\"><strong>M\u00fazeum L\u00edce a rub pe\u0148az\u00ed 11,22 km<\/strong><\/div>\n<\/li>\n<li style=\"text-align: left;\">M\u00fazeum minc\u00ed a medail\u00ed 11,22 km<\/li>\n<\/ul>\n[\/vc_column_text][\/vc_column][vc_column width=&#8220;1\/3&#8243;][vc_column_text]\n<ul>\n<li style=\"list-style-type: none;\">\n<ul>\n<li><strong>Kryt\u00e1 plav\u00e1re\u0148 Zvolen 13,80 km<\/strong><\/li>\n<li class=\"fusion-li-item\">\n<div class=\"fusion-li-item-content\">Arbor\u00e9tum Borov\u00e1 hora 13,83 km<\/div>\n<\/li>\n<li class=\"fusion-li-item\">\n<div class=\"fusion-li-item-content\"><strong>Malachovsk\u00fd vodop\u00e1d 14,08 km<\/strong><\/div>\n<\/li>\n<li class=\"fusion-li-item\">\n<div class=\"fusion-li-item-content\">Ski centrum Medvedica \u2013 Malachov 14,39 km<\/div>\n<\/li>\n<li class=\"fusion-li-item\">\n<div class=\"fusion-li-item-content\"><strong>Rozh\u013ead\u0148a na Krahulskom vrchu 12,26 km<\/strong><\/div>\n<\/li>\n<li class=\"fusion-li-item\">\n<div class=\"fusion-li-item-content\">Jazdenie na farme Agrobell 14,65 km<\/div>\n<\/li>\n<li class=\"fusion-li-item\">\n<div class=\"fusion-li-item-content\"><strong>Skalka arena \u2013 Skalka pri Kremnici 15,03 km<\/strong><\/div>\n<\/li>\n<li class=\"fusion-li-item\">\n<div class=\"fusion-li-item-content\">Skalka Relax Centrum 15,24 km<\/div>\n<\/li>\n<li><strong>Bansk\u00e9 m\u00fazeum \u0160t\u00f4l\u0148a Andrej 12,23 km<\/strong><\/li>\n<li>Zvolensk\u00fd hrad 13,66 km<\/li>\n<\/ul>\n<\/li>\n<\/ul>\n[\/vc_column_text][vc_empty_space][\/vc_column][vc_column width=&#8220;1\/3&#8243;][vc_column_text]\n<ul>\n<li style=\"list-style-type: none;\">\n<ul>\n<li style=\"list-style-type: none;\">\n<ul>\n<li><strong>M\u00fazeum g\u00fd\u010da 11,33 km<\/strong><\/li>\n<li class=\"fusion-li-item\">\n<div class=\"fusion-li-item-content\">Uli\u010dka sl\u00e1vnych nosov 11,33 km<\/div>\n<\/li>\n<li class=\"fusion-li-item\">\n<div class=\"fusion-li-item-content\"><strong>Mincov\u0148a Kremnica 11,38 km<\/strong><\/div>\n<\/li>\n<li class=\"fusion-li-item\">\n<div class=\"fusion-li-item-content\">Ski Kr\u00e1liky 15,36 km<\/div>\n<\/li>\n<li class=\"fusion-li-item\">\n<div class=\"fusion-li-item-content\"><strong>K\u00fapalisko Neresnica 14,47 km<\/strong><\/div>\n<\/li>\n<li class=\"fusion-li-item\">\n<div class=\"fusion-li-item-content\">Monster Kolobe\u017eky 12,51 km<\/div>\n<\/li>\n<li class=\"fusion-li-item\">\n<div class=\"fusion-li-item-content\"><strong>Pust\u00fd hrad 13,13 km<\/strong><\/div>\n<\/li>\n<li class=\"fusion-li-item\">\n<div class=\"fusion-li-item-content\">Ski Krahule 13,35 km<\/div>\n<\/li>\n<li class=\"fusion-li-item\">\n<div class=\"fusion-li-item-content\"><strong>Pancierov\u00fd vlak Hurban 13,49 km<\/strong><\/div>\n<\/li>\n<\/ul>\n<\/li>\n<\/ul>\n<\/li>\n<\/ul>\n[\/vc_column_text][\/vc_column][\/vc_row][vc_row full_width=&#8220;stretch_row&#8220; css=&#8220;.vc_custom_1638542083092{background-image: url(https:\/\/d.r5.wbsprt.com\/podborovicou.sk\/wp-content\/uploads\/2021\/12\/BG_photo4.png?id=3523) !important;}&#8220;][vc_column width=&#8220;1\/2&#8243;][vc_images_carousel images=&#8220;3524,3525,3526,3527,3528,3529,3530,3531,3534,3535&#8243; slides_per_view=&#8220;2&#8243;][\/vc_column][vc_column width=&#8220;1\/2&#8243;][vc_empty_space height=&#8220;150&#8243;][vc_column_text]\n<h2 class=\"title-heading-left\" style=\"text-align: left;\"><span class=\"fusion-animated-texts-wrapper\" style=\"color: #653617;\" data-length=\"char\" data-mindisplaytime=\"7000\"><span class=\"fusion-textillate\"><span class=\"word1\"><span class=\"char1\">G<\/span><span class=\"char2\">a<\/span><span class=\"char3\">l<\/span><span class=\"char4\">\u00e9<\/span><span class=\"char5\">r<\/span><span class=\"char6\">i<\/span><span class=\"char7\">a <\/span><\/span><span class=\"word2\"><span class=\"char1\">a<\/span><span class=\"char2\">k<\/span><span class=\"char3\">t<\/span><span class=\"char4\">i<\/span><span class=\"char5\">v<\/span><span class=\"char6\">\u00ed<\/span><span class=\"char7\">t <\/span><\/span><span class=\"word3\"><span class=\"char1\">z <\/span><\/span><span class=\"word4\"><span class=\"char1\">r<\/span><span class=\"char2\">e<\/span><span class=\"char3\">z<\/span><span class=\"char4\">o<\/span><span class=\"char5\">r<\/span><span class=\"char6\">t<\/span><span class=\"char7\">u<\/span><\/span><\/span><\/span><\/h2>\n[\/vc_column_text][vc_column_text]Park pod Borovicou \u2013 multifunk\u010dn\u00fd are\u00e1l z novopostaven\u00fdm Zrubom Psruh a Zrubom Kapor a mno\u017estvom vo\u013eno\u010dasov\u00fdch aktiv\u00edt je t\u00fdm prav\u00fdm prostred\u00edm pre dovolenku, ryba\u010dku, firemn\u00fa akciu,rodinn\u00fa oslavu,\u0161kolu v pr\u00edrode,detsk\u00fd letn\u00fd t\u00e1bor \u010di \u0161kolsk\u00fd v\u00fdlet.[\/vc_column_text][\/vc_column][\/vc_row][vc_row][vc_column][vc_empty_space][vc_custom_heading text=&#8220;\u010co vravia \u013eudia?&#8220; font_container=&#8220;tag:h1|text_align:center&#8220; use_theme_fonts=&#8220;yes&#8220;][\/vc_column][\/vc_row][vc_row][vc_column width=&#8220;1\/3&#8243;][vc_single_image image=&#8220;3537&#8243; img_size=&#8220;full&#8220; alignment=&#8220;center&#8220; style=&#8220;vc_box_shadow_3d&#8220;][vc_column_text css=&#8220;.vc_custom_1638543344999{margin-top: -10px !important;}&#8220;]\n<p style=\"text-align: center;\">Ve\u013emi pekn\u00e9 miesto na oddych. Ka\u017edoro\u010dne tu organizuj\u00fa cez leto westernov\u00e9 a ryb\u00e1rske t\u00e1bory pre deti po\u010das cel\u00fdch pr\u00e1zdnin. Deti maj\u00fa po\u010das cel\u00e9ho pobytu z\u00e1kaz pou\u017e\u00edva\u0165 mobili. Maj\u00fa to\u013eko aktiv\u00edt \u017ee im to ani nech\u00fdba.<br \/>\nSkvel\u00e9 \u010do poviete????<\/p>\n[\/vc_column_text][vc_custom_heading text=&#8220;Miroslav Sam\u010d\u00edk&#8220; font_container=&#8220;tag:h4|text_align:center&#8220; use_theme_fonts=&#8220;yes&#8220; css=&#8220;.vc_custom_1638543585967{margin-top: -10px !important;}&#8220;][\/vc_column][vc_column width=&#8220;1\/3&#8243;][vc_single_image image=&#8220;3536&#8243; img_size=&#8220;full&#8220; alignment=&#8220;center&#8220; style=&#8220;vc_box_shadow_3d&#8220;][vc_column_text css=&#8220;.vc_custom_1638543638971{margin-top: -10px !important;}&#8220;]\n<p style=\"text-align: center;\">Ve\u013emi pekn\u00e9 prostredie, vhodn\u00e9 pre firemn\u00fa akciu ale aj rodinn\u00fa alebo priate\u013esk\u00fa oslavu<\/p>\n[\/vc_column_text][vc_custom_heading text=&#8220;Hilda Konkolova&#8220; font_container=&#8220;tag:h4|text_align:center&#8220; use_theme_fonts=&#8220;yes&#8220; css=&#8220;.vc_custom_1638543885618{margin-top: -10px !important;}&#8220;][\/vc_column][vc_column width=&#8220;1\/3&#8243;][vc_single_image image=&#8220;3537&#8243; img_size=&#8220;full&#8220; alignment=&#8220;center&#8220; style=&#8220;vc_box_shadow_3d&#8220;][vc_column_text css=&#8220;.vc_custom_1638543681309{margin-top: -10px !important;}&#8220;]\n<p style=\"text-align: center;\">Str\u00e1vili sme tu moc pr\u00edjemn\u00e9 3 dni \u2013 pochodili okolie, vyu\u017eili atrakcie v are\u00e1li, deti pochytali pekn\u00e9 kapr\u00edky, dokonca aj jedn\u00e9ho takmer 8 kilov\u00e9ho!!! Luxus \u010daka\u0165 nemo\u017eno, person\u00e1lu nie je \u010do vytkn\u00fa\u0165..<\/p>\n[\/vc_column_text][vc_custom_heading text=&#8220;Tom\u00e1\u0161 Pecko&#8220; font_container=&#8220;tag:h4|text_align:center&#8220; use_theme_fonts=&#8220;yes&#8220; css=&#8220;.vc_custom_1638543686067{margin-top: -10px !important;}&#8220;][\/vc_column][\/vc_row][vc_row][vc_column][vc_column_text]\n<p style=\"text-align: center;\"><span style=\"color: #3366ff;\"><a style=\"color: #3366ff;\" href=\"https:\/\/www.google.com\/search?q=pod+borovicou&amp;oq=pod+borovicou&amp;aqs=chrome..69i57j35i39j69i59j0j0i22i30l6.3664j0j15&amp;sourceid=chrome&amp;ie=UTF-8\"><strong>Viac recenzi\u00ed o n\u00e1s n\u00e1jdete na tomto odkaze<\/strong><\/a><\/span><\/p>\n[\/vc_column_text][vc_empty_space][\/vc_column][\/vc_row]\n","protected":false},"excerpt":{"rendered":"<p>[vc_row][vc_column][vc_empty_space height=&#8220;30&#8243;][vc_custom_heading text=&#8220;V na\u0161om rezorte sa nikdy nebudete nudi\u0165&#8220; font_container=&#8220;tag:h1|text_align:center|color:%23653719&#8243; use_theme_fonts=&#8220;yes&#8220;][vc_column_text] Are\u00e1l Park pod Borovicou pon\u00faka ve\u013ek\u00e9 mno\u017estvo \u0161portov\u00fdch a [&hellip;]<\/p>\n","protected":false},"author":1,"featured_media":0,"parent":0,"menu_order":0,"comment_status":"open","ping_status":"closed","template":"","meta":{"inline_featured_image":false,"footnotes":""},"class_list":["post-31","page","type-page","status-publish","hentry"],"yoast_head":"<!-- This site is optimized with the Yoast SEO plugin v26.8 - https:\/\/yoast.com\/product\/yoast-seo-wordpress\/ -->\n<title>Atrakcie a vo\u013en\u00fd \u010das - Pod Borovicou<\/title>\n<meta name=\"robots\" content=\"index, follow, max-snippet:-1, max-image-preview:large, max-video-preview:-1\" \/>\n<link rel=\"canonical\" href=\"https:\/\/d.r5.wbsprt.com\/podborovicou.sk\/atrakcie-a-volny-cas\/\" \/>\n<meta property=\"og:locale\" content=\"sk_SK\" \/>\n<meta property=\"og:type\" content=\"article\" \/>\n<meta property=\"og:title\" content=\"Atrakcie a vo\u013en\u00fd \u010das - Pod Borovicou\" \/>\n<meta property=\"og:description\" content=\"[vc_row][vc_column][vc_empty_space height=&#8220;30&#8243;][vc_custom_heading text=&#8220;V na\u0161om rezorte sa nikdy nebudete nudi\u0165&#8220; font_container=&#8220;tag:h1|text_align:center|color:%23653719&#8243; use_theme_fonts=&#8220;yes&#8220;][vc_column_text] Are\u00e1l Park pod Borovicou pon\u00faka ve\u013ek\u00e9 mno\u017estvo \u0161portov\u00fdch a [&hellip;]\" \/>\n<meta property=\"og:url\" content=\"https:\/\/d.r5.wbsprt.com\/podborovicou.sk\/atrakcie-a-volny-cas\/\" \/>\n<meta property=\"og:site_name\" content=\"Pod Borovicou\" \/>\n<meta property=\"article:modified_time\" content=\"2023-01-09T10:39:35+00:00\" \/>\n<meta name=\"twitter:card\" content=\"summary_large_image\" \/>\n<meta name=\"twitter:label1\" content=\"Predpokladan\u00fd \u010das \u010d\u00edtania\" \/>\n\t<meta name=\"twitter:data1\" content=\"5 min\u00fat\" \/>\n<script type=\"application\/ld+json\" class=\"yoast-schema-graph\">{\"@context\":\"https:\/\/schema.org\",\"@graph\":[{\"@type\":\"WebPage\",\"@id\":\"https:\/\/d.r5.wbsprt.com\/podborovicou.sk\/atrakcie-a-volny-cas\/\",\"url\":\"https:\/\/d.r5.wbsprt.com\/podborovicou.sk\/atrakcie-a-volny-cas\/\",\"name\":\"Atrakcie a vo\u013en\u00fd \u010das - Pod Borovicou\",\"isPartOf\":{\"@id\":\"https:\/\/www.podborovicou.sk\/#website\"},\"datePublished\":\"2014-09-14T07:21:57+00:00\",\"dateModified\":\"2023-01-09T10:39:35+00:00\",\"breadcrumb\":{\"@id\":\"https:\/\/d.r5.wbsprt.com\/podborovicou.sk\/atrakcie-a-volny-cas\/#breadcrumb\"},\"inLanguage\":\"sk-SK\",\"potentialAction\":[{\"@type\":\"ReadAction\",\"target\":[\"https:\/\/d.r5.wbsprt.com\/podborovicou.sk\/atrakcie-a-volny-cas\/\"]}]},{\"@type\":\"BreadcrumbList\",\"@id\":\"https:\/\/d.r5.wbsprt.com\/podborovicou.sk\/atrakcie-a-volny-cas\/#breadcrumb\",\"itemListElement\":[{\"@type\":\"ListItem\",\"position\":1,\"name\":\"Home\",\"item\":\"https:\/\/www.podborovicou.sk\/\"},{\"@type\":\"ListItem\",\"position\":2,\"name\":\"Atrakcie a vo\u013en\u00fd \u010das\"}]},{\"@type\":\"WebSite\",\"@id\":\"https:\/\/www.podborovicou.sk\/#website\",\"url\":\"https:\/\/www.podborovicou.sk\/\",\"name\":\"Pod Borovicou\",\"description\":\"\",\"potentialAction\":[{\"@type\":\"SearchAction\",\"target\":{\"@type\":\"EntryPoint\",\"urlTemplate\":\"https:\/\/www.podborovicou.sk\/?s={search_term_string}\"},\"query-input\":{\"@type\":\"PropertyValueSpecification\",\"valueRequired\":true,\"valueName\":\"search_term_string\"}}],\"inLanguage\":\"sk-SK\"}]}<\/script>\n<!-- \/ Yoast SEO plugin. -->","yoast_head_json":{"title":"Atrakcie a vo\u013en\u00fd \u010das - Pod Borovicou","robots":{"index":"index","follow":"follow","max-snippet":"max-snippet:-1","max-image-preview":"max-image-preview:large","max-video-preview":"max-video-preview:-1"},"canonical":"https:\/\/d.r5.wbsprt.com\/podborovicou.sk\/atrakcie-a-volny-cas\/","og_locale":"sk_SK","og_type":"article","og_title":"Atrakcie a vo\u013en\u00fd \u010das - Pod Borovicou","og_description":"[vc_row][vc_column][vc_empty_space height=&#8220;30&#8243;][vc_custom_heading text=&#8220;V na\u0161om rezorte sa nikdy nebudete nudi\u0165&#8220; font_container=&#8220;tag:h1|text_align:center|color:%23653719&#8243; use_theme_fonts=&#8220;yes&#8220;][vc_column_text] Are\u00e1l Park pod Borovicou pon\u00faka ve\u013ek\u00e9 mno\u017estvo \u0161portov\u00fdch a [&hellip;]","og_url":"https:\/\/d.r5.wbsprt.com\/podborovicou.sk\/atrakcie-a-volny-cas\/","og_site_name":"Pod Borovicou","article_modified_time":"2023-01-09T10:39:35+00:00","twitter_card":"summary_large_image","twitter_misc":{"Predpokladan\u00fd \u010das \u010d\u00edtania":"5 min\u00fat"},"schema":{"@context":"https:\/\/schema.org","@graph":[{"@type":"WebPage","@id":"https:\/\/d.r5.wbsprt.com\/podborovicou.sk\/atrakcie-a-volny-cas\/","url":"https:\/\/d.r5.wbsprt.com\/podborovicou.sk\/atrakcie-a-volny-cas\/","name":"Atrakcie a vo\u013en\u00fd \u010das - Pod Borovicou","isPartOf":{"@id":"https:\/\/www.podborovicou.sk\/#website"},"datePublished":"2014-09-14T07:21:57+00:00","dateModified":"2023-01-09T10:39:35+00:00","breadcrumb":{"@id":"https:\/\/d.r5.wbsprt.com\/podborovicou.sk\/atrakcie-a-volny-cas\/#breadcrumb"},"inLanguage":"sk-SK","potentialAction":[{"@type":"ReadAction","target":["https:\/\/d.r5.wbsprt.com\/podborovicou.sk\/atrakcie-a-volny-cas\/"]}]},{"@type":"BreadcrumbList","@id":"https:\/\/d.r5.wbsprt.com\/podborovicou.sk\/atrakcie-a-volny-cas\/#breadcrumb","itemListElement":[{"@type":"ListItem","position":1,"name":"Home","item":"https:\/\/www.podborovicou.sk\/"},{"@type":"ListItem","position":2,"name":"Atrakcie a vo\u013en\u00fd \u010das"}]},{"@type":"WebSite","@id":"https:\/\/www.podborovicou.sk\/#website","url":"https:\/\/www.podborovicou.sk\/","name":"Pod Borovicou","description":"","potentialAction":[{"@type":"SearchAction","target":{"@type":"EntryPoint","urlTemplate":"https:\/\/www.podborovicou.sk\/?s={search_term_string}"},"query-input":{"@type":"PropertyValueSpecification","valueRequired":true,"valueName":"search_term_string"}}],"inLanguage":"sk-SK"}]}},"_links":{"self":[{"href":"https:\/\/d.r5.wbsprt.com\/podborovicou.sk\/wp-json\/wp\/v2\/pages\/31","targetHints":{"allow":["GET"]}}],"collection":[{"href":"https:\/\/d.r5.wbsprt.com\/podborovicou.sk\/wp-json\/wp\/v2\/pages"}],"about":[{"href":"https:\/\/d.r5.wbsprt.com\/podborovicou.sk\/wp-json\/wp\/v2\/types\/page"}],"author":[{"embeddable":true,"href":"https:\/\/d.r5.wbsprt.com\/podborovicou.sk\/wp-json\/wp\/v2\/users\/1"}],"replies":[{"embeddable":true,"href":"https:\/\/d.r5.wbsprt.com\/podborovicou.sk\/wp-json\/wp\/v2\/comments?post=31"}],"version-history":[{"count":8,"href":"https:\/\/d.r5.wbsprt.com\/podborovicou.sk\/wp-json\/wp\/v2\/pages\/31\/revisions"}],"predecessor-version":[{"id":4759,"href":"https:\/\/d.r5.wbsprt.com\/podborovicou.sk\/wp-json\/wp\/v2\/pages\/31\/revisions\/4759"}],"wp:attachment":[{"href":"https:\/\/d.r5.wbsprt.com\/podborovicou.sk\/wp-json\/wp\/v2\/media?parent=31"}],"curies":[{"name":"wp","href":"https:\/\/api.w.org\/{rel}","templated":true}]}}